{"id":63,"date":"2013-05-02T11:13:19","date_gmt":"2013-05-02T10:13:19","guid":{"rendered":"http:\/\/www.audreybeauchef.com\/?page_id=63"},"modified":"2013-05-21T13:26:17","modified_gmt":"2013-05-21T12:26:17","slug":"accueil-2","status":"publish","type":"page","link":"https:\/\/audreybeauchef.com\/","title":{"rendered":"Accueil"},"content":{"rendered":"<p style=\"text-align: left;\">Titulaire du <strong>Dipl\u00f4me d&rsquo;<b>\u00c9<\/b>tat de psychologie clinique et de psychopathologie<\/strong>, je vous propose des prises en charges th\u00e9rapeutiques, d&rsquo;orientation analytiques, adapt\u00e9es a vos demandes.<\/p>\n<p style=\"text-align: left;\">Dans un cabinet situ\u00e9 \u00e0 <strong>Bourg-la-Reine<\/strong>, dans le <strong>92<\/strong>, je r\u00e9alise des th\u00e9rapies pour enfants et adultes.<\/p>\n<p style=\"text-align: left;\">Venir consulter un psychologue clinicien peut s&rsquo;inscrire dans la dur\u00e9e, mais peut \u00e9galement \u00eatre ponctuel : je propose du soutien psychologique, des th\u00e9rapies br\u00e8ves, de la guidance familiale et des conseils.<\/p>\n<p style=\"text-align: left;\">Les raisons qui conduisent \u00e0 consulter un psychologue sont diverses. N\u00e9anmoins le recours \u00e0 un psychologue est souvent envisag\u00e9 lorsque \u00ab\u00a0<em><strong>le mal-\u00eatre<\/strong><\/em>\u00a0\u00bb prend tout l&rsquo;espace et\u00a0entra\u00eene\u00a0une \u00ab\u00a0<em><strong>g\u00eane<\/strong><\/em>\u00a0\u00bb majeure dans le quotidien.<\/p>\n<p style=\"text-align: left;\">De par ma formation, ma m\u00e9thode est fond\u00e9e sur une approche psychanalytique. Je m&rsquo;int\u00e9resse aux exp\u00e9riences du pass\u00e9 d&rsquo;une personne et dans quelle mesure ces exp\u00e9riences pass\u00e9es exercent une influence sur le pr\u00e9sent.\u00a0J&rsquo;oriente mes patients et je les aide \u00e0 prendre conscience de ces exp\u00e9riences qui les font souffrir et qui nuisent \u00e0 leur qui\u00e9tude.<\/p>\n<p style=\"text-align: left;\">A l&rsquo;\u00e9coute de vos souffrances, je vous propose un espace o\u00f9 vous exprimer sans jugement, en toute confidentialit\u00e9.<\/p>\n","protected":false},"excerpt":{"rendered":"<p>Titulaire du Dipl\u00f4me d&rsquo;\u00c9tat de psychologie clinique et de psychopathologie, je vous propose des prises en charges th\u00e9rapeutiques, d&rsquo;orientation analytiques, adapt\u00e9es a vos demandes. Dans un cabinet situ\u00e9 \u00e0 Bourg-la-Reine, dans le 92, je r\u00e9alise des th\u00e9rapies pour enfants et &hellip; <a href=\"https:\/\/audreybeauchef.com\/\">Continuer la lecture <span class=\"meta-nav\">&rarr;<\/span><\/a><\/p>\n","protected":false},"author":1,"featured_media":0,"parent":0,"menu_order":0,"comment_status":"open","ping_status":"open","template":"","meta":[],"_links":{"self":[{"href":"https:\/\/audreybeauchef.com\/index.php?rest_route=\/wp\/v2\/pages\/63"}],"collection":[{"href":"https:\/\/audreybeauchef.com\/index.php?rest_route=\/wp\/v2\/pages"}],"about":[{"href":"https:\/\/audreybeauchef.com\/index.php?rest_route=\/wp\/v2\/types\/page"}],"author":[{"embeddable":true,"href":"https:\/\/audreybeauchef.com\/index.php?rest_route=\/wp\/v2\/users\/1"}],"replies":[{"embeddable":true,"href":"https:\/\/audreybeauchef.com\/index.php?rest_route=%2Fwp%2Fv2%2Fcomments&post=63"}],"version-history":[{"count":8,"href":"https:\/\/audreybeauchef.com\/index.php?rest_route=\/wp\/v2\/pages\/63\/revisions"}],"predecessor-version":[{"id":85,"href":"https:\/\/audreybeauchef.com\/index.php?rest_route=\/wp\/v2\/pages\/63\/revisions\/85"}],"wp:attachment":[{"href":"https:\/\/audreybeauchef.com\/index.php?rest_route=%2Fwp%2Fv2%2Fmedia&parent=63"}],"curies":[{"name":"wp","href":"https:\/\/api.w.org\/{rel}","templated":true}]}}