{"id":27,"date":"2013-05-02T10:32:20","date_gmt":"2013-05-02T09:32:20","guid":{"rendered":"http:\/\/www.audreybeauchef.com\/?page_id=27"},"modified":"2019-08-01T11:18:44","modified_gmt":"2019-08-01T10:18:44","slug":"qui-suis-je","status":"publish","type":"page","link":"https:\/\/audreybeauchef.com\/?page_id=27","title":{"rendered":"Qui suis-je ?"},"content":{"rendered":"<p><strong>Je suis psychologue clinicienne<\/strong>. Je travaille \u00e0 Bourg-La-Reine.<\/p>\n<p>Dans\u00a0mon m\u00e9tier, je privil\u00e9gie une\u00a0<strong>approche humaniste<\/strong>, o\u00f9 le d\u00e9ploiement d\u2019une relation authentique avec les patients et\u00a0une qualit\u00e9 d\u2019\u00e9coute et d\u2019accueil v\u00e9ritables sont au coeur de ma pratique.<\/p>\n<p><strong>Mon Parcours :<\/strong><\/p>\n<p>Je suis <strong>psychologue clinicienne, titulaire d&rsquo;un DESS<\/strong> de psychologie clinique et de psychopathologie, obtenu en 1999, \u00e0 Villetaneuse (Paris 13).<\/p>\n<p>J&rsquo;ai effectu\u00e9 diff\u00e9rents stages en psychiatrie de l&rsquo;enfant et de l&rsquo;adulte.<\/p>\n<p>J&rsquo;ai travaill\u00e9 en qualit\u00e9 d&rsquo;\u00e9ducatrice sp\u00e9cialis\u00e9e, pendant mes \u00e9tudes, dans un foyer d&rsquo;h\u00e9bergement pour adultes handicap\u00e9 mentaux.<\/p>\n<p>Je travaille <strong>depuis 13 ans<\/strong>, en qualit\u00e9 de <strong>psychologue clinicienne<\/strong>, aupr\u00e8s d&rsquo;adultes handicap\u00e9s mentaux et psychiques, dans diff\u00e9rents \u00e9tablissements : tout d&rsquo;abord en foyer occupationnel et en Centre d&rsquo;Aide par le Travail et <strong>depuis 3 ans<\/strong> en Maison d&rsquo;accueil sp\u00e9cialis\u00e9e ( MAS).<\/p>\n<p>J&rsquo;ai suivi une analyse pendant pr\u00e8s de 10 ans. Je me suis \u00e9galement initi\u00e9e depuis plus d&rsquo;un an aux th\u00e9rapies familiales syst\u00e9miques et psychanalytiques au centre Alfred Binet (Paris 13eme arrondissement).<\/p>\n<p>Je travaille maintenant aussi, depuis peu, en lib\u00e9ral.<\/p>\n<p>Je partage le cabinet de Anne BILLON, psychomotricienne, situ\u00e9 \u00e0 Bourg-la-Reine.<\/p>\n<p>Ma consultation th\u00e9rapeutique est ouverte\u00a0le<strong> lundi soir,<\/strong>\u00a0et\u00a0le <strong>samedi Apr\u00e8s-midi , sur rendez-vous. <\/strong><\/p>\n<p>Les s\u00e9ances durent environ 1 heure. Elles peuvent \u00eatre hebdomadaires ou mensuelles, en fonction des demandes. Le prix est de 50 euros, non pris en charge par la s\u00e9curit\u00e9 sociale, mais parfois par certaines mutuelles.<\/p>\n<p><strong>Pour me contacter :<\/strong><\/p>\n<p>Audrey BEAUCHEF, 65 Bd du Mar\u00e9chal Joffre, Escalier A1, 92340 Bourg la reine<\/p>\n<p>Adresse Mail : <a href=\"mailto:beauchef.audrey@gmail.com\">beauchef.audrey@gmail.com<\/a><\/p>\n<p>Tel : 06 62 67 33 65<\/p>\n<p><strong>\u00a0<\/strong><\/p>\n<div id=\"jp-post-flair\"><\/div>\n","protected":false},"excerpt":{"rendered":"<p>Je suis psychologue clinicienne. Je travaille \u00e0 Bourg-La-Reine. Dans\u00a0mon m\u00e9tier, je privil\u00e9gie une\u00a0approche humaniste, o\u00f9 le d\u00e9ploiement d\u2019une relation authentique avec les patients et\u00a0une qualit\u00e9 d\u2019\u00e9coute et d\u2019accueil v\u00e9ritables sont au coeur de ma pratique. Mon Parcours : Je suis &hellip; <a href=\"https:\/\/audreybeauchef.com\/?page_id=27\">Continuer la lecture <span class=\"meta-nav\">&rarr;<\/span><\/a><\/p>\n","protected":false},"author":1,"featured_media":0,"parent":0,"menu_order":0,"comment_status":"open","ping_status":"open","template":"","meta":[],"_links":{"self":[{"href":"https:\/\/audreybeauchef.com\/index.php?rest_route=\/wp\/v2\/pages\/27"}],"collection":[{"href":"https:\/\/audreybeauchef.com\/index.php?rest_route=\/wp\/v2\/pages"}],"about":[{"href":"https:\/\/audreybeauchef.com\/index.php?rest_route=\/wp\/v2\/types\/page"}],"author":[{"embeddable":true,"href":"https:\/\/audreybeauchef.com\/index.php?rest_route=\/wp\/v2\/users\/1"}],"replies":[{"embeddable":true,"href":"https:\/\/audreybeauchef.com\/index.php?rest_route=%2Fwp%2Fv2%2Fcomments&post=27"}],"version-history":[{"count":9,"href":"https:\/\/audreybeauchef.com\/index.php?rest_route=\/wp\/v2\/pages\/27\/revisions"}],"predecessor-version":[{"id":88,"href":"https:\/\/audreybeauchef.com\/index.php?rest_route=\/wp\/v2\/pages\/27\/revisions\/88"}],"wp:attachment":[{"href":"https:\/\/audreybeauchef.com\/index.php?rest_route=%2Fwp%2Fv2%2Fmedia&parent=27"}],"curies":[{"name":"wp","href":"https:\/\/api.w.org\/{rel}","templated":true}]}}