{"id":21,"date":"2013-05-02T10:06:13","date_gmt":"2013-05-02T09:06:13","guid":{"rendered":"http:\/\/www.audreybeauchef.com\/?page_id=21"},"modified":"2013-05-21T13:22:31","modified_gmt":"2013-05-21T12:22:31","slug":"consulter-un-psychologue-pourquoi","status":"publish","type":"page","link":"https:\/\/audreybeauchef.com\/?page_id=21","title":{"rendered":"Consulter un psychologue, pourquoi ?"},"content":{"rendered":"<p style=\"text-align: left;\">Faire la d\u00e9marche de consulter un psychologue est une affaire de choix. Ce n&rsquo;est pas une d\u00e9marche facile, mais parfois indispensable.<\/p>\n<p style=\"text-align: left;\">La plupart du temps, nous pouvons faire face aux difficult\u00e9s que nous rencontrons, seul, ou avec l&rsquo;aide de notre entourage, de notre famille et de nos amis.<\/p>\n<p style=\"text-align: left;\">Parfois pourtant, certaines situations complexes paraissent trop lourdes et semblent s&rsquo;enraciner. Cela complique la vie dans son quotidien.<\/p>\n<p style=\"text-align: left;\">Il est alors important de ne pas rester seul et consulter un psychologue peut s&rsquo;av\u00e9rer utile.<\/p>\n<p style=\"text-align: left;\">En effet, certaines \u00e9preuves de la vie (le deuil, la solitude, la maladie, le vieillissement, la s\u00e9paration, le divorce, mais aussi une naissance, le d\u00e9part d&rsquo;un enfant, le ch\u00f4mage, un accident, une agression) peuvent d\u00e9stabiliser et \u00eatre la cause de sympt\u00f4mes tels que des troubles du sommeil, de l&rsquo;alimentation, et bien d&rsquo;autres.<\/p>\n<p style=\"text-align: left;\">Chacun, \u00e0 tout \u00e2ge, peut ressentir un mal-\u00eatre, du stress, des probl\u00e8mes relationnels, de l&rsquo;angoisse, des peurs, des phobies, de la d\u00e9pression.<br \/>\nJe <b>peux vous aider \u00e0 exprimer ce que vous ressentez et \u00e0 mieux comprendre les origines de cet \u00e9tat, afin de vous sentir mieux .<\/b><\/p>\n<p style=\"text-align: left;\">Dans une d\u00e9marche de \u00ab\u00a0soins\u00a0\u00bb, l&rsquo;important est d&rsquo;instaurer une\u00a0<b>relation de confiance, th\u00e9rapeutique, ax\u00e9e dans une \u00e9coute bienveillante<\/b>, chaleureuse et dans l&rsquo;\u00e9change.<\/p>\n<p style=\"text-align: left;\"><b>Ma conception du r\u00f4le de psychologue consiste \u00e0 percevoir la personne dans sa globalit\u00e9 et \u00e0 aborder ce qui ne va pas, mais aussi ce qui va. C\u2019est ainsi qu\u2019on peut se ressourcer et \u00eatre plus objectif. Le r\u00f4le du psychologue est d&rsquo;\u00e9couter et de faciliter la parole, en \u00e9mettant des hypoth\u00e8ses pour mieux appr\u00e9hender le mal-\u00eatre et essayer de r\u00e9soudre les tracas de la vie. <\/b><\/p>\n<p style=\"text-align: left;\">Le but du travail sur soi \u00e9tant avant tout \u00ab\u00a0d&rsquo;aller mieux\u00a0\u00bb et de reprendre confiance.<\/p>\n<p style=\"text-align: left;\"><span style=\"color: #0478b1;\"><big><b>\u00a0<\/b><\/big><\/span><\/p>\n","protected":false},"excerpt":{"rendered":"<p>Faire la d\u00e9marche de consulter un psychologue est une affaire de choix. Ce n&rsquo;est pas une d\u00e9marche facile, mais parfois indispensable. La plupart du temps, nous pouvons faire face aux difficult\u00e9s que nous rencontrons, seul, ou avec l&rsquo;aide de notre &hellip; <a href=\"https:\/\/audreybeauchef.com\/?page_id=21\">Continuer la lecture <span class=\"meta-nav\">&rarr;<\/span><\/a><\/p>\n","protected":false},"author":1,"featured_media":0,"parent":0,"menu_order":0,"comment_status":"open","ping_status":"open","template":"","meta":[],"_links":{"self":[{"href":"https:\/\/audreybeauchef.com\/index.php?rest_route=\/wp\/v2\/pages\/21"}],"collection":[{"href":"https:\/\/audreybeauchef.com\/index.php?rest_route=\/wp\/v2\/pages"}],"about":[{"href":"https:\/\/audreybeauchef.com\/index.php?rest_route=\/wp\/v2\/types\/page"}],"author":[{"embeddable":true,"href":"https:\/\/audreybeauchef.com\/index.php?rest_route=\/wp\/v2\/users\/1"}],"replies":[{"embeddable":true,"href":"https:\/\/audreybeauchef.com\/index.php?rest_route=%2Fwp%2Fv2%2Fcomments&post=21"}],"version-history":[{"count":14,"href":"https:\/\/audreybeauchef.com\/index.php?rest_route=\/wp\/v2\/pages\/21\/revisions"}],"predecessor-version":[{"id":50,"href":"https:\/\/audreybeauchef.com\/index.php?rest_route=\/wp\/v2\/pages\/21\/revisions\/50"}],"wp:attachment":[{"href":"https:\/\/audreybeauchef.com\/index.php?rest_route=%2Fwp%2Fv2%2Fmedia&parent=21"}],"curies":[{"name":"wp","href":"https:\/\/api.w.org\/{rel}","templated":true}]}}